{"id":1493,"date":"2025-01-21T11:41:15","date_gmt":"2025-01-21T11:41:15","guid":{"rendered":"https:\/\/tradupalma.com\/nicht-beglaubigte-uebersetzung\/"},"modified":"2025-03-10T08:58:14","modified_gmt":"2025-03-10T08:58:14","slug":"nicht-beglaubigte-uebersetzung","status":"publish","type":"page","link":"https:\/\/tradupalma.com\/de\/dienstleistungen\/nicht-beglaubigte-uebersetzung\/","title":{"rendered":"Nicht beglaubigte \u00dcbersetzungen"},"content":{"rendered":"\t\t<div data-elementor-type=\"wp-page\" data-elementor-id=\"1493\" class=\"elementor elementor-1493 elementor-1464\" data-elementor-post-type=\"page\">\n\t\t\t\t<div class=\"elementor-element elementor-element-c4b92d3 e-con-full e-flex e-con e-parent\" data-id=\"c4b92d3\" data-element_type=\"container\" data-e-type=\"container\" data-settings=\"{&quot;background_background&quot;:&quot;classic&quot;,&quot;avante_ext_is_background_backdrop&quot;:&quot;false&quot;}\">\n\t\t<div class=\"elementor-element elementor-element-e76f9e1 e-con-full e-flex e-con e-child\" data-id=\"e76f9e1\" data-element_type=\"container\" data-e-type=\"container\" data-settings=\"{&quot;avante_ext_is_background_backdrop&quot;:&quot;false&quot;}\">\n\t\t\t\t<div class=\"elementor-element elementor-element-18bfbc7 elementor-widget elementor-widget-heading\" data-id=\"18bfbc7\" data-element_type=\"widget\" data-e-type=\"widget\" data-settings=\"{&quot;avante_ext_is_scrollme&quot;:&quot;false&quot;,&quot;avante_ext_is_smoove&quot;:&quot;false&quot;,&quot;avante_ext_is_parallax_mouse&quot;:&quot;false&quot;,&quot;avante_ext_is_infinite&quot;:&quot;false&quot;,&quot;avante_ext_mobile_static&quot;:&quot;false&quot;,&quot;avante_ext_link_sidemenu&quot;:&quot;false&quot;,&quot;avante_ext_link_fullmenu&quot;:&quot;false&quot;,&quot;avante_ext_link_closed_fullmenu&quot;:&quot;false&quot;}\" data-widget_type=\"heading.default\">\n\t\t\t\t<div class=\"elementor-widget-container\">\n\t\t\t\t\t<h1 class=\"elementor-heading-title elementor-size-default\">Nicht beglaubigte \u00dcbersetzungen<\/h1>\t\t\t\t<\/div>\n\t\t\t\t<\/div>\n\t\t\t\t<div class=\"elementor-element elementor-element-f900d1f elementor-mobile-align-center elementor-widget elementor-widget-button\" data-id=\"f900d1f\" data-element_type=\"widget\" data-e-type=\"widget\" data-settings=\"{&quot;avante_ext_is_scrollme&quot;:&quot;false&quot;,&quot;avante_ext_is_smoove&quot;:&quot;false&quot;,&quot;avante_ext_is_parallax_mouse&quot;:&quot;false&quot;,&quot;avante_ext_is_infinite&quot;:&quot;false&quot;,&quot;avante_ext_mobile_static&quot;:&quot;false&quot;,&quot;avante_ext_link_sidemenu&quot;:&quot;false&quot;,&quot;avante_ext_link_closed_fullmenu&quot;:&quot;false&quot;}\" data-widget_type=\"button.default\">\n\t\t\t\t<div class=\"elementor-widget-container\">\n\t\t\t\t\t\t\t\t\t<div class=\"elementor-button-wrapper\">\n\t\t\t\t\t<a class=\"elementor-button elementor-button-link elementor-size-sm\" href=\"https:\/\/tradupalma.com\/de\/kontakt\/\">\n\t\t\t\t\t\t<span class=\"elementor-button-content-wrapper\">\n\t\t\t\t\t\t<span class=\"elementor-button-icon\">\n\t\t\t\t<svg aria-hidden=\"true\" class=\"e-font-icon-svg e-fas-arrow-right\" viewBox=\"0 0 448 512\" xmlns=\"http:\/\/www.w3.org\/2000\/svg\"><path d=\"M190.5 66.9l22.2-22.2c9.4-9.4 24.6-9.4 33.9 0L441 239c9.4 9.4 9.4 24.6 0 33.9L246.6 467.3c-9.4 9.4-24.6 9.4-33.9 0l-22.2-22.2c-9.5-9.5-9.3-25 .4-34.3L311.4 296H24c-13.3 0-24-10.7-24-24v-32c0-13.3 10.7-24 24-24h287.4L190.9 101.2c-9.8-9.3-10-24.8-.4-34.3z\"><\/path><\/svg>\t\t\t<\/span>\n\t\t\t\t\t\t\t\t\t<span class=\"elementor-button-text\">Kostenlose Beratung<\/span>\n\t\t\t\t\t<\/span>\n\t\t\t\t\t<\/a>\n\t\t\t\t<\/div>\n\t\t\t\t\t\t\t\t<\/div>\n\t\t\t\t<\/div>\n\t\t\t\t<\/div>\n\t\t<div class=\"elementor-element elementor-element-32727ba e-con-full e-flex e-con e-child\" data-id=\"32727ba\" data-element_type=\"container\" data-e-type=\"container\" data-settings=\"{&quot;background_background&quot;:&quot;classic&quot;,&quot;avante_ext_is_background_backdrop&quot;:&quot;false&quot;}\">\n\t\t\t\t<\/div>\n\t\t\t\t<\/div>\n\t\t<div class=\"elementor-element elementor-element-5c3d4bf about-me-section e-flex e-con-boxed e-con e-parent\" data-id=\"5c3d4bf\" data-element_type=\"container\" data-e-type=\"container\" data-settings=\"{&quot;avante_ext_is_background_backdrop&quot;:&quot;false&quot;}\">\n\t\t\t\t\t<div class=\"e-con-inner\">\n\t\t<div class=\"elementor-element elementor-element-3a0e34f e-con-full e-flex e-con e-child\" data-id=\"3a0e34f\" data-element_type=\"container\" data-e-type=\"container\" data-settings=\"{&quot;avante_ext_is_background_backdrop&quot;:&quot;false&quot;}\">\n\t\t\t\t<div class=\"elementor-element elementor-element-7f876a1 elementor-widget elementor-widget-text-editor\" data-id=\"7f876a1\" data-element_type=\"widget\" data-e-type=\"widget\" data-settings=\"{&quot;avante_ext_is_scrollme&quot;:&quot;false&quot;,&quot;avante_ext_is_smoove&quot;:&quot;false&quot;,&quot;avante_ext_is_parallax_mouse&quot;:&quot;false&quot;,&quot;avante_ext_is_infinite&quot;:&quot;false&quot;,&quot;avante_ext_mobile_static&quot;:&quot;false&quot;,&quot;avante_ext_link_sidemenu&quot;:&quot;false&quot;,&quot;avante_ext_link_fullmenu&quot;:&quot;false&quot;,&quot;avante_ext_link_closed_fullmenu&quot;:&quot;false&quot;}\" data-widget_type=\"text-editor.default\">\n\t\t\t\t<div class=\"elementor-widget-container\">\n\t\t\t\t\t\t\t\t\t<p>Oftmals bedarf es keiner beglaubigten \u00dcbersetzung, sondern es gen\u00fcgt eine &#8222;einfache&#8220; \u00dcbersetzung ohne Beglaubigung. Dies ist insbesondere dann der Fall, wenn es sich um Gesch\u00e4fte zwischen Privatpersonen handelt und die \u00dcbersetzung lediglich Informationszwecken dient. Ein typisches Beispiel w\u00e4re ein Mietvertrag zwischen Privatpersonen.  <\/p>\n<p>In diesem Fall wird dieselbe fachm\u00e4nnische \u00dcbersetzungsdienstleistung erbracht, aber die \u00dcbersetzung muss nicht dieselben Formvorschriften erf\u00fcllen wie eine beglaubigte \u00dcbersetzung, und sie muss auch nicht unterzeichnet, gestempelt und beglaubigt werden. Nicht beglaubigte \u00dcbersetzungen sind daher etwas preiswerter als beglaubigte. <\/p>\n\t\t\t\t\t\t\t\t<\/div>\n\t\t\t\t<\/div>\n\t\t\t\t<\/div>\n\t\t<div class=\"elementor-element elementor-element-7f433a9 e-con-full img-about e-flex e-con e-child\" data-id=\"7f433a9\" data-element_type=\"container\" data-e-type=\"container\" data-settings=\"{&quot;background_background&quot;:&quot;classic&quot;,&quot;avante_ext_is_background_backdrop&quot;:&quot;false&quot;}\">\n\t\t\t\t<\/div>\n\t\t\t\t\t<\/div>\n\t\t\t\t<\/div>\n\t\t<div class=\"elementor-element elementor-element-4b81c1a e-flex e-con-boxed e-con e-parent\" data-id=\"4b81c1a\" data-element_type=\"container\" data-e-type=\"container\" data-settings=\"{&quot;background_background&quot;:&quot;classic&quot;,&quot;avante_ext_is_background_backdrop&quot;:&quot;false&quot;}\">\n\t\t\t\t\t<div class=\"e-con-inner\">\n\t\t<div class=\"elementor-element elementor-element-35de371 e-con-full e-flex e-con e-child\" data-id=\"35de371\" data-element_type=\"container\" data-e-type=\"container\" data-settings=\"{&quot;avante_ext_is_background_backdrop&quot;:&quot;false&quot;}\">\n\t\t\t\t<div class=\"elementor-element elementor-element-a83581a elementor-widget elementor-widget-heading\" data-id=\"a83581a\" data-element_type=\"widget\" data-e-type=\"widget\" data-settings=\"{&quot;avante_ext_is_scrollme&quot;:&quot;false&quot;,&quot;avante_ext_is_smoove&quot;:&quot;false&quot;,&quot;avante_ext_is_parallax_mouse&quot;:&quot;false&quot;,&quot;avante_ext_is_infinite&quot;:&quot;false&quot;,&quot;avante_ext_mobile_static&quot;:&quot;false&quot;,&quot;avante_ext_link_sidemenu&quot;:&quot;false&quot;,&quot;avante_ext_link_fullmenu&quot;:&quot;false&quot;,&quot;avante_ext_link_closed_fullmenu&quot;:&quot;false&quot;}\" data-widget_type=\"heading.default\">\n\t\t\t\t<div class=\"elementor-widget-container\">\n\t\t\t\t\t<h2 class=\"elementor-heading-title elementor-size-default\">Engagiert f\u00fcr exzellenz<\/h2>\t\t\t\t<\/div>\n\t\t\t\t<\/div>\n\t\t\t\t<\/div>\n\t\t<div class=\"elementor-element elementor-element-f515fad e-con-full e-flex e-con e-child\" data-id=\"f515fad\" data-element_type=\"container\" data-e-type=\"container\" data-settings=\"{&quot;avante_ext_is_background_backdrop&quot;:&quot;false&quot;}\">\n\t\t\t\t<div class=\"elementor-element elementor-element-5365d41 e-n-tabs-mobile elementor-widget elementor-widget-n-tabs\" data-id=\"5365d41\" data-element_type=\"widget\" data-e-type=\"widget\" data-settings=\"{&quot;tabs_justify_horizontal&quot;:&quot;start&quot;,&quot;horizontal_scroll&quot;:&quot;disable&quot;,&quot;avante_ext_is_scrollme&quot;:&quot;false&quot;,&quot;avante_ext_is_smoove&quot;:&quot;false&quot;,&quot;avante_ext_is_parallax_mouse&quot;:&quot;false&quot;,&quot;avante_ext_is_infinite&quot;:&quot;false&quot;,&quot;avante_ext_mobile_static&quot;:&quot;false&quot;,&quot;avante_ext_link_sidemenu&quot;:&quot;false&quot;,&quot;avante_ext_link_fullmenu&quot;:&quot;false&quot;,&quot;avante_ext_link_closed_fullmenu&quot;:&quot;false&quot;}\" data-widget_type=\"nested-tabs.default\">\n\t\t\t\t<div class=\"elementor-widget-container\">\n\t\t\t\t\t\t\t<div class=\"e-n-tabs\" data-widget-number=\"87448897\" aria-label=\"Tabs. Open items with Enter or Space, close with Escape and navigate using the Arrow keys.\">\n\t\t\t<div class=\"e-n-tabs-heading\" role=\"tablist\">\n\t\t\t\t\t<button id=\"e-n-tab-title-874488971\" data-tab-title-id=\"e-n-tab-title-874488971\" class=\"e-n-tab-title\" aria-selected=\"true\" data-tab-index=\"1\" role=\"tab\" tabindex=\"0\" aria-controls=\"e-n-tab-content-874488971\" style=\"--n-tabs-title-order: 1;\">\n\t\t\t\t\t\t<span class=\"e-n-tab-title-text\">\n\t\t\t\tPr\u00e4zision\t\t\t<\/span>\n\t\t<\/button>\n\t\t\t\t<button id=\"e-n-tab-title-874488972\" data-tab-title-id=\"e-n-tab-title-874488972\" class=\"e-n-tab-title\" aria-selected=\"false\" data-tab-index=\"2\" role=\"tab\" tabindex=\"-1\" aria-controls=\"e-n-tab-content-874488972\" style=\"--n-tabs-title-order: 2;\">\n\t\t\t\t\t\t<span class=\"e-n-tab-title-text\">\n\t\t\t\tSchnelligkeit\t\t\t<\/span>\n\t\t<\/button>\n\t\t\t\t<button id=\"e-n-tab-title-874488973\" data-tab-title-id=\"e-n-tab-title-874488973\" class=\"e-n-tab-title\" aria-selected=\"false\" data-tab-index=\"3\" role=\"tab\" tabindex=\"-1\" aria-controls=\"e-n-tab-content-874488973\" style=\"--n-tabs-title-order: 3;\">\n\t\t\t\t\t\t<span class=\"e-n-tab-title-text\">\n\t\t\t\tN\u00e4he\t\t\t<\/span>\n\t\t<\/button>\n\t\t\t\t\t<\/div>\n\t\t\t<div class=\"e-n-tabs-content\">\n\t\t\t\t<div id=\"e-n-tab-content-874488971\" role=\"tabpanel\" aria-labelledby=\"e-n-tab-title-874488971\" data-tab-index=\"1\" style=\"--n-tabs-title-order: 1;\" class=\"e-active elementor-element elementor-element-9e5cbc7 e-con-full e-flex e-con e-child\" data-id=\"9e5cbc7\" data-element_type=\"container\" data-e-type=\"container\" data-settings=\"{&quot;avante_ext_is_background_backdrop&quot;:&quot;false&quot;}\">\n\t\t\t\t<div class=\"elementor-element elementor-element-b707ecf elementor-widget elementor-widget-text-editor\" data-id=\"b707ecf\" data-element_type=\"widget\" data-e-type=\"widget\" data-settings=\"{&quot;avante_ext_is_scrollme&quot;:&quot;false&quot;,&quot;avante_ext_is_smoove&quot;:&quot;false&quot;,&quot;avante_ext_is_parallax_mouse&quot;:&quot;false&quot;,&quot;avante_ext_is_infinite&quot;:&quot;false&quot;,&quot;avante_ext_mobile_static&quot;:&quot;false&quot;,&quot;avante_ext_link_sidemenu&quot;:&quot;false&quot;,&quot;avante_ext_link_fullmenu&quot;:&quot;false&quot;,&quot;avante_ext_link_closed_fullmenu&quot;:&quot;false&quot;}\" data-widget_type=\"text-editor.default\">\n\t\t\t\t<div class=\"elementor-widget-container\">\n\t\t\t\t\t\t\t\t\t<p>\u00dcbersetzungen und Dolmetschleistungen erfordern ein hohes Ma\u00df an Genauigkeit, besonders bei rechtlichen Dokumenten oder Situationen, die Detailtreue verlangen. Mein Ansatz besteht darin, sicherzustellen, dass jedes Wort und jeder Begriff treu und pr\u00e4zise \u00fcbersetzt wird, wobei stets der Kontext und die Absicht der Nachricht respektiert werden. <\/p>\n\t\t\t\t\t\t\t\t<\/div>\n\t\t\t\t<\/div>\n\t\t\t\t<\/div>\n\t\t<div id=\"e-n-tab-content-874488972\" role=\"tabpanel\" aria-labelledby=\"e-n-tab-title-874488972\" data-tab-index=\"2\" style=\"--n-tabs-title-order: 2;\" class=\" elementor-element elementor-element-b5f39b3 e-con-full e-flex e-con e-child\" data-id=\"b5f39b3\" data-element_type=\"container\" data-e-type=\"container\" data-settings=\"{&quot;avante_ext_is_background_backdrop&quot;:&quot;false&quot;}\">\n\t\t\t\t<div class=\"elementor-element elementor-element-3e7a1e7 elementor-widget elementor-widget-text-editor\" data-id=\"3e7a1e7\" data-element_type=\"widget\" data-e-type=\"widget\" data-settings=\"{&quot;avante_ext_is_scrollme&quot;:&quot;false&quot;,&quot;avante_ext_is_smoove&quot;:&quot;false&quot;,&quot;avante_ext_is_parallax_mouse&quot;:&quot;false&quot;,&quot;avante_ext_is_infinite&quot;:&quot;false&quot;,&quot;avante_ext_mobile_static&quot;:&quot;false&quot;,&quot;avante_ext_link_sidemenu&quot;:&quot;false&quot;,&quot;avante_ext_link_fullmenu&quot;:&quot;false&quot;,&quot;avante_ext_link_closed_fullmenu&quot;:&quot;false&quot;}\" data-widget_type=\"text-editor.default\">\n\t\t\t\t<div class=\"elementor-widget-container\">\n\t\t\t\t\t\t\t\t\t<p>Ich verstehe die Bedeutung von Agilit\u00e4t bei Projekten. Ob es sich um eine dringende vereidigte \u00dcbersetzung oder eine Dolmetschleistung bei einer Gerichtsverhandlung handelt, ich verpflichte mich, Ergebnisse innerhalb der vereinbarten Fristen zu liefern, ohne die Qualit\u00e4t zu beeintr\u00e4chtigen. Meine Erfahrung erm\u00f6glicht es mir, effizient zu arbeiten, sodass du die ben\u00f6tigten Ergebnisse so schnell wie m\u00f6glich erh\u00e4ltst.  <\/p>\n\t\t\t\t\t\t\t\t<\/div>\n\t\t\t\t<\/div>\n\t\t\t\t<\/div>\n\t\t<div id=\"e-n-tab-content-874488973\" role=\"tabpanel\" aria-labelledby=\"e-n-tab-title-874488973\" data-tab-index=\"3\" style=\"--n-tabs-title-order: 3;\" class=\" elementor-element elementor-element-a0c4d65 e-con-full e-flex e-con e-child\" data-id=\"a0c4d65\" data-element_type=\"container\" data-e-type=\"container\" data-settings=\"{&quot;avante_ext_is_background_backdrop&quot;:&quot;false&quot;}\">\n\t\t\t\t<div class=\"elementor-element elementor-element-564ef59 elementor-widget elementor-widget-text-editor\" data-id=\"564ef59\" data-element_type=\"widget\" data-e-type=\"widget\" data-settings=\"{&quot;avante_ext_is_scrollme&quot;:&quot;false&quot;,&quot;avante_ext_is_smoove&quot;:&quot;false&quot;,&quot;avante_ext_is_parallax_mouse&quot;:&quot;false&quot;,&quot;avante_ext_is_infinite&quot;:&quot;false&quot;,&quot;avante_ext_mobile_static&quot;:&quot;false&quot;,&quot;avante_ext_link_sidemenu&quot;:&quot;false&quot;,&quot;avante_ext_link_fullmenu&quot;:&quot;false&quot;,&quot;avante_ext_link_closed_fullmenu&quot;:&quot;false&quot;}\" data-widget_type=\"text-editor.default\">\n\t\t\t\t<div class=\"elementor-widget-container\">\n\t\t\t\t\t\t\t\t\t<p>Ein enger und pers\u00f6nlicher Ansatz ist der Schl\u00fcssel zum Verst\u00e4ndnis und zur Erf\u00fcllung der Bed\u00fcrfnisse meiner Kunden. Ich arbeite eng mit Ihnen zusammen, um sicherzustellen, dass alle Ihre Erwartungen erf\u00fcllt werden. Ich biete Ihnen eine fl\u00fcssige Kommunikation und stehe Ihnen zur Verf\u00fcgung, um alle Zweifel oder Bedenken zu kl\u00e4ren, die w\u00e4hrend des Prozesses auftreten k\u00f6nnen. <\/p>\n\t\t\t\t\t\t\t\t<\/div>\n\t\t\t\t<\/div>\n\t\t\t\t<\/div>\n\t\t\t\t\t<\/div>\n\t\t<\/div>\n\t\t\t\t\t\t<\/div>\n\t\t\t\t<\/div>\n\t\t\t\t<\/div>\n\t\t\t\t\t<\/div>\n\t\t\t\t<\/div>\n\t\t<div class=\"elementor-element elementor-element-6e95ed3 e-flex e-con-boxed e-con e-parent\" data-id=\"6e95ed3\" data-element_type=\"container\" data-e-type=\"container\" data-settings=\"{&quot;avante_ext_is_background_backdrop&quot;:&quot;false&quot;}\">\n\t\t\t\t\t<div class=\"e-con-inner\">\n\t\t<div class=\"elementor-element elementor-element-074eb88 e-con-full e-flex e-con e-child\" data-id=\"074eb88\" data-element_type=\"container\" data-e-type=\"container\" data-settings=\"{&quot;avante_ext_is_background_backdrop&quot;:&quot;false&quot;}\">\n\t\t\t\t<div class=\"elementor-element elementor-element-0aeb6ac elementor-widget elementor-widget-heading\" data-id=\"0aeb6ac\" data-element_type=\"widget\" data-e-type=\"widget\" data-settings=\"{&quot;avante_ext_is_scrollme&quot;:&quot;false&quot;,&quot;avante_ext_is_smoove&quot;:&quot;false&quot;,&quot;avante_ext_is_parallax_mouse&quot;:&quot;false&quot;,&quot;avante_ext_is_infinite&quot;:&quot;false&quot;,&quot;avante_ext_mobile_static&quot;:&quot;false&quot;,&quot;avante_ext_link_sidemenu&quot;:&quot;false&quot;,&quot;avante_ext_link_fullmenu&quot;:&quot;false&quot;,&quot;avante_ext_link_closed_fullmenu&quot;:&quot;false&quot;}\" data-widget_type=\"heading.default\">\n\t\t\t\t<div class=\"elementor-widget-container\">\n\t\t\t\t\t<h2 class=\"elementor-heading-title elementor-size-default\">Lassen<\/h2>\t\t\t\t<\/div>\n\t\t\t\t<\/div>\n\t\t\t\t<div class=\"elementor-element elementor-element-6189d0d elementor-widget elementor-widget-text-editor\" data-id=\"6189d0d\" data-element_type=\"widget\" data-e-type=\"widget\" data-settings=\"{&quot;avante_ext_is_scrollme&quot;:&quot;false&quot;,&quot;avante_ext_is_smoove&quot;:&quot;false&quot;,&quot;avante_ext_is_parallax_mouse&quot;:&quot;false&quot;,&quot;avante_ext_is_infinite&quot;:&quot;false&quot;,&quot;avante_ext_mobile_static&quot;:&quot;false&quot;,&quot;avante_ext_link_sidemenu&quot;:&quot;false&quot;,&quot;avante_ext_link_fullmenu&quot;:&quot;false&quot;,&quot;avante_ext_link_closed_fullmenu&quot;:&quot;false&quot;}\" data-widget_type=\"text-editor.default\">\n\t\t\t\t<div class=\"elementor-widget-container\">\n\t\t\t\t\t\t\t\t\t<p>Sie uns sprechen Wenn Sie Fragen zu meinen Dienstleistungen haben, Hilfe bei der beglaubigten oder unbeglaubigten \u00dcbersetzung von Dokumenten ben\u00f6tigen oder mich als Dolmetscherin einsetzen m\u00f6chten, kontaktieren Sie mich und ich helfe Ihnen gerne weiter.<\/p>\n\t\t\t\t\t\t\t\t<\/div>\n\t\t\t\t<\/div>\n\t\t\t\t<div class=\"elementor-element elementor-element-b7dbd7b elementor-widget elementor-widget-heading\" data-id=\"b7dbd7b\" data-element_type=\"widget\" data-e-type=\"widget\" data-settings=\"{&quot;avante_ext_is_scrollme&quot;:&quot;false&quot;,&quot;avante_ext_is_smoove&quot;:&quot;false&quot;,&quot;avante_ext_is_parallax_mouse&quot;:&quot;false&quot;,&quot;avante_ext_is_infinite&quot;:&quot;false&quot;,&quot;avante_ext_mobile_static&quot;:&quot;false&quot;,&quot;avante_ext_link_sidemenu&quot;:&quot;false&quot;,&quot;avante_ext_link_fullmenu&quot;:&quot;false&quot;,&quot;avante_ext_link_closed_fullmenu&quot;:&quot;false&quot;}\" data-widget_type=\"heading.default\">\n\t\t\t\t<div class=\"elementor-widget-container\">\n\t\t\t\t\t<h3 class=\"elementor-heading-title elementor-size-default\">Kontaktdaten<\/h3>\t\t\t\t<\/div>\n\t\t\t\t<\/div>\n\t\t\t\t<div class=\"elementor-element elementor-element-068d53a contact-info elementor-widget elementor-widget-text-editor\" data-id=\"068d53a\" data-element_type=\"widget\" data-e-type=\"widget\" data-settings=\"{&quot;avante_ext_is_scrollme&quot;:&quot;false&quot;,&quot;avante_ext_is_smoove&quot;:&quot;false&quot;,&quot;avante_ext_is_parallax_mouse&quot;:&quot;false&quot;,&quot;avante_ext_is_infinite&quot;:&quot;false&quot;,&quot;avante_ext_mobile_static&quot;:&quot;false&quot;,&quot;avante_ext_link_sidemenu&quot;:&quot;false&quot;,&quot;avante_ext_link_fullmenu&quot;:&quot;false&quot;,&quot;avante_ext_link_closed_fullmenu&quot;:&quot;false&quot;}\" data-widget_type=\"text-editor.default\">\n\t\t\t\t<div class=\"elementor-widget-container\">\n\t\t\t\t\t\t\t\t\t<p><strong>Adresse:<\/strong> <a href=\"https:\/\/maps.app.goo.gl\/CZvrgaSkyDZQ4inW7\" target=\"_blank\" rel=\"noopener nofollow\">Avenida del Cister, 42, 07010 \u2013 Palma (Balearen \u2013 Spanien)<\/a><br \/><strong>E-Mail:<\/strong> <a href=\"mailto:traducciones@telefonica.net\">traducciones@telefonica.net<\/a><br \/><strong>Tel.:<\/strong> <a href=\"tel:+34696434104\">696 434 104<\/a><\/p>\n\t\t\t\t\t\t\t\t<\/div>\n\t\t\t\t<\/div>\n\t\t\t\t<\/div>\n\t\t<div class=\"elementor-element elementor-element-77683d8 e-con-full e-flex e-con e-child\" data-id=\"77683d8\" data-element_type=\"container\" data-e-type=\"container\" data-settings=\"{&quot;background_background&quot;:&quot;classic&quot;,&quot;avante_ext_is_background_backdrop&quot;:&quot;false&quot;}\">\n\t\t\t\t<div class=\"elementor-element elementor-element-e335bf2 elementor-widget elementor-widget-heading\" data-id=\"e335bf2\" data-element_type=\"widget\" data-e-type=\"widget\" data-settings=\"{&quot;avante_ext_is_scrollme&quot;:&quot;false&quot;,&quot;avante_ext_is_smoove&quot;:&quot;false&quot;,&quot;avante_ext_is_parallax_mouse&quot;:&quot;false&quot;,&quot;avante_ext_is_infinite&quot;:&quot;false&quot;,&quot;avante_ext_mobile_static&quot;:&quot;false&quot;,&quot;avante_ext_link_sidemenu&quot;:&quot;false&quot;,&quot;avante_ext_link_fullmenu&quot;:&quot;false&quot;,&quot;avante_ext_link_closed_fullmenu&quot;:&quot;false&quot;}\" data-widget_type=\"heading.default\">\n\t\t\t\t<div class=\"elementor-widget-container\">\n\t\t\t\t\t<h3 class=\"elementor-heading-title elementor-size-default\">Kontaktformular F\u00fcllen<\/h3>\t\t\t\t<\/div>\n\t\t\t\t<\/div>\n\t\t\t\t<div class=\"elementor-element elementor-element-abeed87 elementor-widget elementor-widget-text-editor\" data-id=\"abeed87\" data-element_type=\"widget\" data-e-type=\"widget\" data-settings=\"{&quot;avante_ext_is_scrollme&quot;:&quot;false&quot;,&quot;avante_ext_is_smoove&quot;:&quot;false&quot;,&quot;avante_ext_is_parallax_mouse&quot;:&quot;false&quot;,&quot;avante_ext_is_infinite&quot;:&quot;false&quot;,&quot;avante_ext_mobile_static&quot;:&quot;false&quot;,&quot;avante_ext_link_sidemenu&quot;:&quot;false&quot;,&quot;avante_ext_link_fullmenu&quot;:&quot;false&quot;,&quot;avante_ext_link_closed_fullmenu&quot;:&quot;false&quot;}\" data-widget_type=\"text-editor.default\">\n\t\t\t\t<div class=\"elementor-widget-container\">\n\t\t\t\t\t\t\t\t\t<p>Sie das folgende Formular aus und ich werde Sie so bald wie m\u00f6glich informieren.<\/p>\n\t\t\t\t\t\t\t\t<\/div>\n\t\t\t\t<\/div>\n\t\t\t\t<div class=\"elementor-element elementor-element-619aa65 elementor-widget elementor-widget-avante-contact-form\" data-id=\"619aa65\" data-element_type=\"widget\" data-e-type=\"widget\" data-settings=\"{&quot;avante_ext_is_scrollme&quot;:&quot;false&quot;,&quot;avante_ext_is_smoove&quot;:&quot;false&quot;,&quot;avante_ext_is_parallax_mouse&quot;:&quot;false&quot;,&quot;avante_ext_is_infinite&quot;:&quot;false&quot;,&quot;avante_ext_mobile_static&quot;:&quot;false&quot;,&quot;avante_ext_link_sidemenu&quot;:&quot;false&quot;,&quot;avante_ext_link_fullmenu&quot;:&quot;false&quot;,&quot;avante_ext_link_closed_fullmenu&quot;:&quot;false&quot;}\" data-widget_type=\"avante-contact-form.default\">\n\t\t\t\t<div class=\"elementor-widget-container\">\n\t\t\t\t\t<div class=\"avante-contact-form-content-wrapper\">\n\t\n<div class=\"wpcf7 no-js\" id=\"wpcf7-f1135-o1\" lang=\"de-DE\" dir=\"ltr\" data-wpcf7-id=\"1135\">\n<div class=\"screen-reader-response\"><p role=\"status\" aria-live=\"polite\" aria-atomic=\"true\"><\/p> <ul><\/ul><\/div>\n<form action=\"\/de\/wp-json\/wp\/v2\/pages\/1493#wpcf7-f1135-o1\" method=\"post\" class=\"wpcf7-form init\" aria-label=\"Kontaktformular\" novalidate=\"novalidate\" data-status=\"init\">\n<fieldset class=\"hidden-fields-container\"><input type=\"hidden\" name=\"_wpcf7\" value=\"1135\" \/><input type=\"hidden\" name=\"_wpcf7_version\" value=\"6.1.5\" \/><input type=\"hidden\" name=\"_wpcf7_locale\" value=\"de_DE\" \/><input type=\"hidden\" name=\"_wpcf7_unit_tag\" value=\"wpcf7-f1135-o1\" \/><input type=\"hidden\" name=\"_wpcf7_container_post\" value=\"0\" \/><input type=\"hidden\" name=\"_wpcf7_posted_data_hash\" value=\"\" \/><input type=\"hidden\" name=\"_wpcf7_recaptcha_response\" value=\"\" \/>\n<\/fieldset>\n<p><label> Ihr Name*<br \/>\n<span class=\"wpcf7-form-control-wrap\" data-name=\"your-name\"><input size=\"40\" maxlength=\"400\" class=\"wpcf7-form-control wpcf7-text wpcf7-validates-as-required\" autocomplete=\"name\" aria-required=\"true\" aria-invalid=\"false\" placeholder=\"Schreiben Sie Ihren Namen\" value=\"\" type=\"text\" name=\"your-name\" \/><\/span> <\/label>\n<\/p>\n<p><label> Ihre E-Mail Adresse*<br \/>\n<span class=\"wpcf7-form-control-wrap\" data-name=\"your-email\"><input size=\"40\" maxlength=\"400\" class=\"wpcf7-form-control wpcf7-email wpcf7-validates-as-required wpcf7-text wpcf7-validates-as-email\" autocomplete=\"email\" aria-required=\"true\" aria-invalid=\"false\" placeholder=\"Geben Sie Ihre E-Mail Adresse ein\" value=\"\" type=\"email\" name=\"your-email\" \/><\/span> <\/label>\n<\/p>\n<p><label> Ihre Nachricht<br \/>\n<span class=\"wpcf7-form-control-wrap\" data-name=\"your-message\"><textarea cols=\"40\" rows=\"10\" maxlength=\"2000\" class=\"wpcf7-form-control wpcf7-textarea\" aria-invalid=\"false\" placeholder=\"Schreiben Sie Ihre Nachricht\" name=\"your-message\"><\/textarea><\/span> <\/label>\n<\/p>\n<p><span class=\"wpcf7-form-control-wrap\" data-name=\"aceptacion\"><span class=\"wpcf7-form-control wpcf7-acceptance\"><span class=\"wpcf7-list-item\"><label><input type=\"checkbox\" name=\"aceptacion\" value=\"1\" aria-invalid=\"false\" \/><span class=\"wpcf7-list-item-label\">Ich habe die <a href=\"\/politica-de-privacidad\" target=\"_blank\">Datenschutzbestimmungen<\/a> gelesen und akzeptiere sie<\/span><\/label><\/span><\/span><\/span>\n<\/p>\n<p><input class=\"wpcf7-form-control wpcf7-submit has-spinner\" type=\"submit\" value=\"Senden\" \/>\n<\/p><div class=\"wpcf7-response-output\" aria-hidden=\"true\"><\/div>\n<\/form>\n<\/div>\n<\/div>\t\t\t\t<\/div>\n\t\t\t\t<\/div>\n\t\t\t\t<\/div>\n\t\t\t\t\t<\/div>\n\t\t\t\t<\/div>\n\t\t\t\t<\/div>\n\t\t","protected":false},"excerpt":{"rendered":"<p>Nicht beglaubigte \u00dcbersetzungen Kostenlose Beratung Oftmals bedarf es keiner beglaubigten \u00dcbersetzung, sondern es gen\u00fcgt eine &#8222;einfache&#8220; \u00dcbersetzung ohne Beglaubigung. Dies ist insbesondere dann der Fall, wenn es sich um Gesch\u00e4fte zwischen Privatpersonen handelt und die \u00dcbersetzung lediglich Informationszwecken dient. Ein [&hellip;]<\/p>\n","protected":false},"author":1,"featured_media":0,"parent":1499,"menu_order":0,"comment_status":"closed","ping_status":"closed","template":"elementor_header_footer","meta":{"footnotes":""},"class_list":["post-1493","page","type-page","status-publish","hentry"],"aioseo_notices":[],"_links":{"self":[{"href":"https:\/\/tradupalma.com\/de\/wp-json\/wp\/v2\/pages\/1493","targetHints":{"allow":["GET"]}}],"collection":[{"href":"https:\/\/tradupalma.com\/de\/wp-json\/wp\/v2\/pages"}],"about":[{"href":"https:\/\/tradupalma.com\/de\/wp-json\/wp\/v2\/types\/page"}],"author":[{"embeddable":true,"href":"https:\/\/tradupalma.com\/de\/wp-json\/wp\/v2\/users\/1"}],"replies":[{"embeddable":true,"href":"https:\/\/tradupalma.com\/de\/wp-json\/wp\/v2\/comments?post=1493"}],"version-history":[{"count":61,"href":"https:\/\/tradupalma.com\/de\/wp-json\/wp\/v2\/pages\/1493\/revisions"}],"predecessor-version":[{"id":2261,"href":"https:\/\/tradupalma.com\/de\/wp-json\/wp\/v2\/pages\/1493\/revisions\/2261"}],"up":[{"embeddable":true,"href":"https:\/\/tradupalma.com\/de\/wp-json\/wp\/v2\/pages\/1499"}],"wp:attachment":[{"href":"https:\/\/tradupalma.com\/de\/wp-json\/wp\/v2\/media?parent=1493"}],"curies":[{"name":"wp","href":"https:\/\/api.w.org\/{rel}","templated":true}]}}