{"id":1609,"date":"2025-01-10T11:10:49","date_gmt":"2025-01-10T11:10:49","guid":{"rendered":"https:\/\/tradupalma.com\/erklaerung-zur-zugaenglichkeit\/"},"modified":"2025-01-22T11:44:34","modified_gmt":"2025-01-22T11:44:34","slug":"erklaerung-zur-zugaenglichkeit","status":"publish","type":"page","link":"https:\/\/tradupalma.com\/de\/erklaerung-zur-zugaenglichkeit\/","title":{"rendered":"Erkl\u00e4rung zur Zug\u00e4nglichkeit"},"content":{"rendered":"\n<p>Die Agentur <strong>TraduPalma<\/strong> hat sich verpflichtet, <a href=\"https:\/\/tradupalma.com\/de\/\">https:\/\/tradupalma.com\/<\/a> gem\u00e4\u00df dem K\u00f6niglichen Erlass 1112\/2018 vom 7. September \u00fcber die Zug\u00e4nglichkeit von Websites und Anwendungen des \u00f6ffentlichen Sektors f\u00fcr mobile Ger\u00e4te zug\u00e4nglich zu machen.<\/p>\n\n<p>Diese Erkl\u00e4rung zur Zug\u00e4nglichkeit gilt f\u00fcr die Website <a href=\"https:\/\/tradupalma.com\/.\">https:\/\/tradupalma.com\/.<\/a><\/p>\n\n<p>Diese Website entspricht vollst\u00e4ndig der RD 1112\/2018.<\/p>\n","protected":false},"excerpt":{"rendered":"<p>Die Agentur TraduPalma hat sich verpflichtet, https:\/\/tradupalma.com\/ gem\u00e4\u00df dem K\u00f6niglichen Erlass 1112\/2018 vom 7. September \u00fcber die Zug\u00e4nglichkeit von Websites und Anwendungen des \u00f6ffentlichen Sektors f\u00fcr mobile Ger\u00e4te zug\u00e4nglich zu machen. Diese Erkl\u00e4rung zur Zug\u00e4nglichkeit gilt f\u00fcr die Website https:\/\/tradupalma.com\/. [&hellip;]<\/p>\n","protected":false},"author":1,"featured_media":0,"parent":0,"menu_order":0,"comment_status":"closed","ping_status":"closed","template":"","meta":{"footnotes":""},"class_list":["post-1609","page","type-page","status-publish","hentry"],"aioseo_notices":[],"_links":{"self":[{"href":"https:\/\/tradupalma.com\/de\/wp-json\/wp\/v2\/pages\/1609","targetHints":{"allow":["GET"]}}],"collection":[{"href":"https:\/\/tradupalma.com\/de\/wp-json\/wp\/v2\/pages"}],"about":[{"href":"https:\/\/tradupalma.com\/de\/wp-json\/wp\/v2\/types\/page"}],"author":[{"embeddable":true,"href":"https:\/\/tradupalma.com\/de\/wp-json\/wp\/v2\/users\/1"}],"replies":[{"embeddable":true,"href":"https:\/\/tradupalma.com\/de\/wp-json\/wp\/v2\/comments?post=1609"}],"version-history":[{"count":1,"href":"https:\/\/tradupalma.com\/de\/wp-json\/wp\/v2\/pages\/1609\/revisions"}],"predecessor-version":[{"id":1610,"href":"https:\/\/tradupalma.com\/de\/wp-json\/wp\/v2\/pages\/1609\/revisions\/1610"}],"wp:attachment":[{"href":"https:\/\/tradupalma.com\/de\/wp-json\/wp\/v2\/media?parent=1609"}],"curies":[{"name":"wp","href":"https:\/\/api.w.org\/{rel}","templated":true}]}}